{"id":3274,"date":"2025-07-26T19:33:26","date_gmt":"2025-07-26T17:33:26","guid":{"rendered":"https:\/\/www.monpilatesauquotidien.com\/?post_type=product&#038;p=3274"},"modified":"2025-07-26T20:30:13","modified_gmt":"2025-07-26T18:30:13","slug":"2025-mon-pack-otons-nous-de-toute-pression-et-tout-frein-et-lancons-nous-vers-notre-bien-etre","status":"publish","type":"product","link":"https:\/\/www.monpilatesauquotidien.com\/index.php\/produit\/2025-mon-pack-otons-nous-de-toute-pression-et-tout-frein-et-lancons-nous-vers-notre-bien-etre\/","title":{"rendered":"2025 &#8211; MON PACK \u00ab\u00a0\u00d4TONS NOUS DE TOUTE PRESSION ET TOUT FREIN ET LAN\u00c7ONS NOUS VERS NOTRE BIEN-\u00caTRE\u00a0\u00bb"},"content":{"rendered":"<p class=\"has-vivid-cyan-blue-color has-text-color has-link-color has-medium-font-size wp-elements-2a90e8a19564d3f8284e50f549dcd609\"><strong><span style=\"font-size: 14pt;\">Mon Pack \u00ab\u00a0\u00f4tons nous de toute pression et tout frein et lan\u00e7ons nous vers notre bien-\u00eatre !\u00a0\u00bb<\/span><\/strong><\/p>\n<p>Ces vid\u00e9os sont une belle invitation \u00e0 nous r\u00e9concilier avec notre corps.<\/p>\n<p>Nous serons tellement \u00e0 l&rsquo;\u00e9coute de notre corps que nous allons \u00e0 nouveau l&rsquo;entendre !<\/p>\n<p>Et sans nous en rendre compte, tout va se r\u00e9guler de mani\u00e8re naturelle. Nous allons trouver notre \u00e9quilibre et tout s&rsquo;harmonise. Ca change tout !<\/p>\n<p>&nbsp;<\/p>\n<p><span style=\"font-size: 14pt;\"><strong>Description :\u00a0<\/strong><\/span><\/p>\n<div>\n<div><span style=\"font-family: comic sans ms, sans-serif;\"><b>(1 vid\u00e9o d&rsquo;introduction de 25 minutes et 16 vid\u00e9os entre 5 minutes et 15 minutes environ)<\/b><\/span><\/div>\n<\/div>\n<div><\/div>\n<div>\n<div><span style=\"font-family: comic sans ms, sans-serif;\"><b>MPAQ &#8211; Vid\u00e9o d&rsquo;introduction &#8211; Tout est reli\u00e9 ! (27 minutes)<\/b><\/span><\/div>\n<div><\/div>\n<\/div>\n<div><b><span style=\"font-family: comic sans ms, sans-serif;\">MPAQ &#8211; Du tonus dans nos cuisses et fessiers &#8211; (10 minutes)<\/span><\/b><\/div>\n<div><b><span style=\"font-family: comic sans ms, sans-serif;\">MPAQ &#8211; Encore et toujours Tonicit\u00e9 Cuisses \/ Fessiers \/ Centre -(7 minutes)<\/span><\/b><\/div>\n<div><b><span style=\"font-family: comic sans ms, sans-serif;\">MPAQ &#8211; Je d\u00e9froisse mon corps en le huilant pour une libert\u00e9 de mouvements ! (12 minutes)\u00a0<\/span><\/b><\/div>\n<div><b><span style=\"font-family: comic sans ms, sans-serif;\">MPAQ &#8211; Nos hanches pour lib\u00e9rer nos douleurs et bouger librement -(7 minutes)<\/span><\/b><\/div>\n<div><b><span style=\"font-family: comic sans ms, sans-serif;\">MPAQ &#8211; Rien de plus puissant et de plus all\u00e9geant que de bouger depuis le centre &#8211; (12 minutes)<\/span><\/b><\/div>\n<div><b><span style=\"font-family: comic sans ms, sans-serif;\">MPAQ &#8211; Le Pilates, c&rsquo;est le pied #2 &#8211; (7 minutes)<\/span><\/b><\/div>\n<div><b><span style=\"font-family: comic sans ms, sans-serif;\">MPAQ &#8211; Se sentir Al Dente : Energis\u00e9.e et D\u00e9tendu.e &#8211; (12 minutes)<\/span><\/b><\/div>\n<div><b><span style=\"font-family: comic sans ms, sans-serif;\">MPAQ &#8211; Fascias : Offrir au corps de l&rsquo;espace et de la profondeur pour bouger plus librement (26 mn)<\/span><\/b><\/div>\n<div><b><span style=\"font-family: comic sans ms, sans-serif;\">MPAQ &#8211; Nos cuisses, nos fessiers et notre Centre (15 minutes)<\/span><\/b><b><\/b><\/div>\n<div><b><span style=\"font-family: comic sans ms, sans-serif;\">MPAQ &#8211; Flow Pilates Fascias (15 minutes)<\/span><\/b><\/div>\n<div><b><span style=\"font-family: comic sans ms, sans-serif;\">MPAQ &#8211; Flow Pilates \u00ab\u00a0Al dente\u00a0\u00bb (17 minutes)<\/span><\/b><\/div>\n<div><b><span style=\"font-family: comic sans ms, sans-serif;\">MPAQ &#8211; Flow Je M&rsquo;ancre &#8211; (15 minutes)<\/span><\/b><\/div>\n<div><b><span style=\"font-family: comic sans ms, sans-serif;\">MPAQ &#8211; Pilates Flow \u00ab\u00a0Je me laisse porter par le mouvement\u00a0\u00bb (15 minutes)<\/span><\/b><\/div>\n<div><b><span style=\"font-family: comic sans ms, sans-serif;\">MPAQ &#8211; Nos bras\/Nos \u00e9paules \/ Notre centre (15 minutes)<\/span><\/b><\/div>\n<div>\n<div><b><span style=\"font-family: comic sans ms, sans-serif;\">MPAQ &#8211; Retrouvons une qualit\u00e9 de pr\u00e9sence \u00e0 soi et aux personnes qui nous entourent ! (5 minutes)<\/span><\/b><\/div>\n<\/div>\n<div><b><span style=\"font-family: comic sans ms, sans-serif;\">MPAQ -Conscientisons le lever et le coucher pour un corps un meilleur \u00e9quilibre du corps ! (10 minutes)<\/span><\/b><\/div>\n<div><span style=\"font-family: comic sans ms, sans-serif;\">\u00a0<\/span><\/div>\n<div><\/div>\n<div><\/div>\n<div><\/div>\n<p>&nbsp;<\/p>\n<div><\/div>\n<p>&nbsp;<\/p>\n","protected":false},"excerpt":{"rendered":"<p class=\"has-vivid-cyan-blue-color has-text-color has-link-color has-medium-font-size wp-elements-2a90e8a19564d3f8284e50f549dcd609\"><strong><span style=\"font-size: 14pt;\">Mon Pack \u00ab\u00a0\u00f4tons nous de toute pression et tout frein et lan\u00e7ons nous vers notre bien-\u00eatre !\u00a0\u00bb<\/span><\/strong><\/p>\n<p>Ces vid\u00e9os sont une belle invitation \u00e0 nous r\u00e9concilier avec notre corps.<\/p>\n<p>Nous serons tellement \u00e0 l&rsquo;\u00e9coute de notre corps que nous allons \u00e0 nouveau l&rsquo;entendre !<\/p>\n<p>Et sans nous en rendre compte, tout va se r\u00e9guler de mani\u00e8re naturelle. Nous allons trouver notre \u00e9quilibre et tout s&rsquo;harmonise. Ca change tout !<\/p>\n<p>&nbsp;<\/p>\n<p><span style=\"font-size: 14pt;\"><strong>Description :\u00a0<\/strong><\/span><\/p>\n<div>\n<div><span style=\"font-family: comic sans ms, sans-serif;\"><b>(1 vid\u00e9o d&rsquo;introduction de 25 minutes et 16 vid\u00e9os entre 5 minutes et 15 minutes environ)<\/b><\/span><\/div>\n<div><\/div>\n<\/div>\n","protected":false},"featured_media":3073,"template":"","meta":[],"product_cat":[31],"product_tag":[],"class_list":{"0":"post-3274","1":"product","2":"type-product","3":"status-publish","4":"has-post-thumbnail","6":"product_cat-packs","8":"first","9":"instock","10":"downloadable","11":"virtual","12":"purchasable","13":"product-type-simple"},"yoast_head":"<!-- This site is optimized with the Yoast SEO plugin v24.1 - https:\/\/yoast.com\/wordpress\/plugins\/seo\/ -->\n<title>2025 - MON PACK &quot;\u00d4TONS NOUS DE TOUTE PRESSION ET TOUT FREIN ET LAN\u00c7ONS NOUS VERS NOTRE BIEN-\u00caTRE&quot; - Mon Pilates Au Quotidien<\/title>\n<meta name=\"robots\" content=\"index, follow, max-snippet:-1, max-image-preview:large, max-video-preview:-1\" \/>\n<link rel=\"canonical\" href=\"https:\/\/www.monpilatesauquotidien.com\/index.php\/produit\/2025-mon-pack-otons-nous-de-toute-pression-et-tout-frein-et-lancons-nous-vers-notre-bien-etre\/\" \/>\n<meta property=\"og:locale\" content=\"fr_FR\" \/>\n<meta property=\"og:type\" content=\"article\" \/>\n<meta property=\"og:title\" content=\"2025 - MON PACK &quot;\u00d4TONS NOUS DE TOUTE PRESSION ET TOUT FREIN ET LAN\u00c7ONS NOUS VERS NOTRE BIEN-\u00caTRE&quot; - Mon Pilates Au Quotidien\" \/>\n<meta property=\"og:description\" content=\"Mon Pack &quot;\u00f4tons nous de toute pression et tout frein et lan\u00e7ons nous vers notre bien-\u00eatre !&quot; Ces vid\u00e9os sont une belle invitation \u00e0 nous r\u00e9concilier avec notre corps.  Nous serons tellement \u00e0 l&#039;\u00e9coute de notre corps que nous allons \u00e0 nouveau l&#039;entendre !  Et sans nous en rendre compte, tout va se r\u00e9guler de mani\u00e8re naturelle. Nous allons trouver notre \u00e9quilibre et tout s&#039;harmonise. Ca change tout !  &nbsp;  Description :\u00a0  (1 vid\u00e9o d&#039;introduction de 25 minutes et 16 vid\u00e9os entre 5 minutes et 15 minutes environ)\" \/>\n<meta property=\"og:url\" content=\"https:\/\/www.monpilatesauquotidien.com\/index.php\/produit\/2025-mon-pack-otons-nous-de-toute-pression-et-tout-frein-et-lancons-nous-vers-notre-bien-etre\/\" \/>\n<meta property=\"og:site_name\" content=\"Mon Pilates Au Quotidien\" \/>\n<meta property=\"article:publisher\" content=\"https:\/\/www.facebook.com\/pages\/category\/Health-Beauty\/Mon-Pilates-Au-Quotidien-108146187344815\/\" \/>\n<meta property=\"article:modified_time\" content=\"2025-07-26T18:30:13+00:00\" \/>\n<meta property=\"og:image\" content=\"https:\/\/www.monpilatesauquotidien.com\/wp-content\/uploads\/2022\/11\/IMG_9064.jpg\" \/>\n\t<meta property=\"og:image:width\" content=\"1365\" \/>\n\t<meta property=\"og:image:height\" content=\"1754\" \/>\n\t<meta property=\"og:image:type\" content=\"image\/jpeg\" \/>\n<meta name=\"twitter:card\" content=\"summary_large_image\" \/>\n<meta name=\"twitter:label1\" content=\"Dur\u00e9e de lecture estim\u00e9e\" \/>\n\t<meta name=\"twitter:data1\" content=\"2 minutes\" \/>\n<script type=\"application\/ld+json\" class=\"yoast-schema-graph\">{\"@context\":\"https:\/\/schema.org\",\"@graph\":[{\"@type\":\"WebPage\",\"@id\":\"https:\/\/www.monpilatesauquotidien.com\/index.php\/produit\/2025-mon-pack-otons-nous-de-toute-pression-et-tout-frein-et-lancons-nous-vers-notre-bien-etre\/\",\"url\":\"https:\/\/www.monpilatesauquotidien.com\/index.php\/produit\/2025-mon-pack-otons-nous-de-toute-pression-et-tout-frein-et-lancons-nous-vers-notre-bien-etre\/\",\"name\":\"2025 - MON PACK \\\"\u00d4TONS NOUS DE TOUTE PRESSION ET TOUT FREIN ET LAN\u00c7ONS NOUS VERS NOTRE BIEN-\u00caTRE\\\" - Mon Pilates Au Quotidien\",\"isPartOf\":{\"@id\":\"https:\/\/www.monpilatesauquotidien.com\/#website\"},\"primaryImageOfPage\":{\"@id\":\"https:\/\/www.monpilatesauquotidien.com\/index.php\/produit\/2025-mon-pack-otons-nous-de-toute-pression-et-tout-frein-et-lancons-nous-vers-notre-bien-etre\/#primaryimage\"},\"image\":{\"@id\":\"https:\/\/www.monpilatesauquotidien.com\/index.php\/produit\/2025-mon-pack-otons-nous-de-toute-pression-et-tout-frein-et-lancons-nous-vers-notre-bien-etre\/#primaryimage\"},\"thumbnailUrl\":\"https:\/\/www.monpilatesauquotidien.com\/wp-content\/uploads\/2022\/11\/IMG_9064.jpg\",\"datePublished\":\"2025-07-26T17:33:26+00:00\",\"dateModified\":\"2025-07-26T18:30:13+00:00\",\"breadcrumb\":{\"@id\":\"https:\/\/www.monpilatesauquotidien.com\/index.php\/produit\/2025-mon-pack-otons-nous-de-toute-pression-et-tout-frein-et-lancons-nous-vers-notre-bien-etre\/#breadcrumb\"},\"inLanguage\":\"fr-FR\",\"potentialAction\":[{\"@type\":\"ReadAction\",\"target\":[\"https:\/\/www.monpilatesauquotidien.com\/index.php\/produit\/2025-mon-pack-otons-nous-de-toute-pression-et-tout-frein-et-lancons-nous-vers-notre-bien-etre\/\"]}]},{\"@type\":\"ImageObject\",\"inLanguage\":\"fr-FR\",\"@id\":\"https:\/\/www.monpilatesauquotidien.com\/index.php\/produit\/2025-mon-pack-otons-nous-de-toute-pression-et-tout-frein-et-lancons-nous-vers-notre-bien-etre\/#primaryimage\",\"url\":\"https:\/\/www.monpilatesauquotidien.com\/wp-content\/uploads\/2022\/11\/IMG_9064.jpg\",\"contentUrl\":\"https:\/\/www.monpilatesauquotidien.com\/wp-content\/uploads\/2022\/11\/IMG_9064.jpg\",\"width\":1365,\"height\":1754},{\"@type\":\"BreadcrumbList\",\"@id\":\"https:\/\/www.monpilatesauquotidien.com\/index.php\/produit\/2025-mon-pack-otons-nous-de-toute-pression-et-tout-frein-et-lancons-nous-vers-notre-bien-etre\/#breadcrumb\",\"itemListElement\":[{\"@type\":\"ListItem\",\"position\":1,\"name\":\"Accueil\",\"item\":\"https:\/\/www.monpilatesauquotidien.com\/\"},{\"@type\":\"ListItem\",\"position\":2,\"name\":\"Boutique\",\"item\":\"https:\/\/www.monpilatesauquotidien.com\/index.php\/boutique\/\"},{\"@type\":\"ListItem\",\"position\":3,\"name\":\"2025 &#8211; MON PACK \u00ab\u00a0\u00d4TONS NOUS DE TOUTE PRESSION ET TOUT FREIN ET LAN\u00c7ONS NOUS VERS NOTRE BIEN-\u00caTRE\u00a0\u00bb\"}]},{\"@type\":\"WebSite\",\"@id\":\"https:\/\/www.monpilatesauquotidien.com\/#website\",\"url\":\"https:\/\/www.monpilatesauquotidien.com\/\",\"name\":\"Mon Pilates Au Quotidien\",\"description\":\"\",\"publisher\":{\"@id\":\"https:\/\/www.monpilatesauquotidien.com\/#organization\"},\"potentialAction\":[{\"@type\":\"SearchAction\",\"target\":{\"@type\":\"EntryPoint\",\"urlTemplate\":\"https:\/\/www.monpilatesauquotidien.com\/?s={search_term_string}\"},\"query-input\":{\"@type\":\"PropertyValueSpecification\",\"valueRequired\":true,\"valueName\":\"search_term_string\"}}],\"inLanguage\":\"fr-FR\"},{\"@type\":\"Organization\",\"@id\":\"https:\/\/www.monpilatesauquotidien.com\/#organization\",\"name\":\"Mon Pilates Au Quotidien\",\"url\":\"https:\/\/www.monpilatesauquotidien.com\/\",\"logo\":{\"@type\":\"ImageObject\",\"inLanguage\":\"fr-FR\",\"@id\":\"https:\/\/www.monpilatesauquotidien.com\/#\/schema\/logo\/image\/\",\"url\":\"https:\/\/www.monpilatesauquotidien.com\/wp-content\/uploads\/2020\/01\/1jojVVCOMkX9Wyrexe4hGfU0aibzE4TyVqYlCUaLysosFAoyXR006x9qf82PEFZtVwNhBcGcMI0jiFtFN5MzV8w8j6IPoNDXXt3yC8SBrdYRTl0LFGUFP8.png\",\"contentUrl\":\"https:\/\/www.monpilatesauquotidien.com\/wp-content\/uploads\/2020\/01\/1jojVVCOMkX9Wyrexe4hGfU0aibzE4TyVqYlCUaLysosFAoyXR006x9qf82PEFZtVwNhBcGcMI0jiFtFN5MzV8w8j6IPoNDXXt3yC8SBrdYRTl0LFGUFP8.png\",\"width\":190,\"height\":114,\"caption\":\"Mon Pilates Au Quotidien\"},\"image\":{\"@id\":\"https:\/\/www.monpilatesauquotidien.com\/#\/schema\/logo\/image\/\"},\"sameAs\":[\"https:\/\/www.facebook.com\/pages\/category\/Health-Beauty\/Mon-Pilates-Au-Quotidien-108146187344815\/\",\"https:\/\/www.instagram.com\/monpilatesauquotidien\/\"]}]}<\/script>\n<!-- \/ Yoast SEO plugin. -->","yoast_head_json":{"title":"2025 - MON PACK \"\u00d4TONS NOUS DE TOUTE PRESSION ET TOUT FREIN ET LAN\u00c7ONS NOUS VERS NOTRE BIEN-\u00caTRE\" - Mon Pilates Au Quotidien","robots":{"index":"index","follow":"follow","max-snippet":"max-snippet:-1","max-image-preview":"max-image-preview:large","max-video-preview":"max-video-preview:-1"},"canonical":"https:\/\/www.monpilatesauquotidien.com\/index.php\/produit\/2025-mon-pack-otons-nous-de-toute-pression-et-tout-frein-et-lancons-nous-vers-notre-bien-etre\/","og_locale":"fr_FR","og_type":"article","og_title":"2025 - MON PACK \"\u00d4TONS NOUS DE TOUTE PRESSION ET TOUT FREIN ET LAN\u00c7ONS NOUS VERS NOTRE BIEN-\u00caTRE\" - Mon Pilates Au Quotidien","og_description":"Mon Pack \"\u00f4tons nous de toute pression et tout frein et lan\u00e7ons nous vers notre bien-\u00eatre !\" Ces vid\u00e9os sont une belle invitation \u00e0 nous r\u00e9concilier avec notre corps.  Nous serons tellement \u00e0 l'\u00e9coute de notre corps que nous allons \u00e0 nouveau l'entendre !  Et sans nous en rendre compte, tout va se r\u00e9guler de mani\u00e8re naturelle. Nous allons trouver notre \u00e9quilibre et tout s'harmonise. Ca change tout !  &nbsp;  Description :\u00a0  (1 vid\u00e9o d'introduction de 25 minutes et 16 vid\u00e9os entre 5 minutes et 15 minutes environ)","og_url":"https:\/\/www.monpilatesauquotidien.com\/index.php\/produit\/2025-mon-pack-otons-nous-de-toute-pression-et-tout-frein-et-lancons-nous-vers-notre-bien-etre\/","og_site_name":"Mon Pilates Au Quotidien","article_publisher":"https:\/\/www.facebook.com\/pages\/category\/Health-Beauty\/Mon-Pilates-Au-Quotidien-108146187344815\/","article_modified_time":"2025-07-26T18:30:13+00:00","og_image":[{"width":1365,"height":1754,"url":"https:\/\/www.monpilatesauquotidien.com\/wp-content\/uploads\/2022\/11\/IMG_9064.jpg","type":"image\/jpeg"}],"twitter_card":"summary_large_image","twitter_misc":{"Dur\u00e9e de lecture estim\u00e9e":"2 minutes"},"schema":{"@context":"https:\/\/schema.org","@graph":[{"@type":"WebPage","@id":"https:\/\/www.monpilatesauquotidien.com\/index.php\/produit\/2025-mon-pack-otons-nous-de-toute-pression-et-tout-frein-et-lancons-nous-vers-notre-bien-etre\/","url":"https:\/\/www.monpilatesauquotidien.com\/index.php\/produit\/2025-mon-pack-otons-nous-de-toute-pression-et-tout-frein-et-lancons-nous-vers-notre-bien-etre\/","name":"2025 - MON PACK \"\u00d4TONS NOUS DE TOUTE PRESSION ET TOUT FREIN ET LAN\u00c7ONS NOUS VERS NOTRE BIEN-\u00caTRE\" - Mon Pilates Au Quotidien","isPartOf":{"@id":"https:\/\/www.monpilatesauquotidien.com\/#website"},"primaryImageOfPage":{"@id":"https:\/\/www.monpilatesauquotidien.com\/index.php\/produit\/2025-mon-pack-otons-nous-de-toute-pression-et-tout-frein-et-lancons-nous-vers-notre-bien-etre\/#primaryimage"},"image":{"@id":"https:\/\/www.monpilatesauquotidien.com\/index.php\/produit\/2025-mon-pack-otons-nous-de-toute-pression-et-tout-frein-et-lancons-nous-vers-notre-bien-etre\/#primaryimage"},"thumbnailUrl":"https:\/\/www.monpilatesauquotidien.com\/wp-content\/uploads\/2022\/11\/IMG_9064.jpg","datePublished":"2025-07-26T17:33:26+00:00","dateModified":"2025-07-26T18:30:13+00:00","breadcrumb":{"@id":"https:\/\/www.monpilatesauquotidien.com\/index.php\/produit\/2025-mon-pack-otons-nous-de-toute-pression-et-tout-frein-et-lancons-nous-vers-notre-bien-etre\/#breadcrumb"},"inLanguage":"fr-FR","potentialAction":[{"@type":"ReadAction","target":["https:\/\/www.monpilatesauquotidien.com\/index.php\/produit\/2025-mon-pack-otons-nous-de-toute-pression-et-tout-frein-et-lancons-nous-vers-notre-bien-etre\/"]}]},{"@type":"ImageObject","inLanguage":"fr-FR","@id":"https:\/\/www.monpilatesauquotidien.com\/index.php\/produit\/2025-mon-pack-otons-nous-de-toute-pression-et-tout-frein-et-lancons-nous-vers-notre-bien-etre\/#primaryimage","url":"https:\/\/www.monpilatesauquotidien.com\/wp-content\/uploads\/2022\/11\/IMG_9064.jpg","contentUrl":"https:\/\/www.monpilatesauquotidien.com\/wp-content\/uploads\/2022\/11\/IMG_9064.jpg","width":1365,"height":1754},{"@type":"BreadcrumbList","@id":"https:\/\/www.monpilatesauquotidien.com\/index.php\/produit\/2025-mon-pack-otons-nous-de-toute-pression-et-tout-frein-et-lancons-nous-vers-notre-bien-etre\/#breadcrumb","itemListElement":[{"@type":"ListItem","position":1,"name":"Accueil","item":"https:\/\/www.monpilatesauquotidien.com\/"},{"@type":"ListItem","position":2,"name":"Boutique","item":"https:\/\/www.monpilatesauquotidien.com\/index.php\/boutique\/"},{"@type":"ListItem","position":3,"name":"2025 &#8211; MON PACK \u00ab\u00a0\u00d4TONS NOUS DE TOUTE PRESSION ET TOUT FREIN ET LAN\u00c7ONS NOUS VERS NOTRE BIEN-\u00caTRE\u00a0\u00bb"}]},{"@type":"WebSite","@id":"https:\/\/www.monpilatesauquotidien.com\/#website","url":"https:\/\/www.monpilatesauquotidien.com\/","name":"Mon Pilates Au Quotidien","description":"","publisher":{"@id":"https:\/\/www.monpilatesauquotidien.com\/#organization"},"potentialAction":[{"@type":"SearchAction","target":{"@type":"EntryPoint","urlTemplate":"https:\/\/www.monpilatesauquotidien.com\/?s={search_term_string}"},"query-input":{"@type":"PropertyValueSpecification","valueRequired":true,"valueName":"search_term_string"}}],"inLanguage":"fr-FR"},{"@type":"Organization","@id":"https:\/\/www.monpilatesauquotidien.com\/#organization","name":"Mon Pilates Au Quotidien","url":"https:\/\/www.monpilatesauquotidien.com\/","logo":{"@type":"ImageObject","inLanguage":"fr-FR","@id":"https:\/\/www.monpilatesauquotidien.com\/#\/schema\/logo\/image\/","url":"https:\/\/www.monpilatesauquotidien.com\/wp-content\/uploads\/2020\/01\/1jojVVCOMkX9Wyrexe4hGfU0aibzE4TyVqYlCUaLysosFAoyXR006x9qf82PEFZtVwNhBcGcMI0jiFtFN5MzV8w8j6IPoNDXXt3yC8SBrdYRTl0LFGUFP8.png","contentUrl":"https:\/\/www.monpilatesauquotidien.com\/wp-content\/uploads\/2020\/01\/1jojVVCOMkX9Wyrexe4hGfU0aibzE4TyVqYlCUaLysosFAoyXR006x9qf82PEFZtVwNhBcGcMI0jiFtFN5MzV8w8j6IPoNDXXt3yC8SBrdYRTl0LFGUFP8.png","width":190,"height":114,"caption":"Mon Pilates Au Quotidien"},"image":{"@id":"https:\/\/www.monpilatesauquotidien.com\/#\/schema\/logo\/image\/"},"sameAs":["https:\/\/www.facebook.com\/pages\/category\/Health-Beauty\/Mon-Pilates-Au-Quotidien-108146187344815\/","https:\/\/www.instagram.com\/monpilatesauquotidien\/"]}]}},"jetpack_sharing_enabled":true,"_links":{"self":[{"href":"https:\/\/www.monpilatesauquotidien.com\/index.php\/wp-json\/wp\/v2\/product\/3274","targetHints":{"allow":["GET"]}}],"collection":[{"href":"https:\/\/www.monpilatesauquotidien.com\/index.php\/wp-json\/wp\/v2\/product"}],"about":[{"href":"https:\/\/www.monpilatesauquotidien.com\/index.php\/wp-json\/wp\/v2\/types\/product"}],"wp:featuredmedia":[{"embeddable":true,"href":"https:\/\/www.monpilatesauquotidien.com\/index.php\/wp-json\/wp\/v2\/media\/3073"}],"wp:attachment":[{"href":"https:\/\/www.monpilatesauquotidien.com\/index.php\/wp-json\/wp\/v2\/media?parent=3274"}],"wp:term":[{"taxonomy":"product_cat","embeddable":true,"href":"https:\/\/www.monpilatesauquotidien.com\/index.php\/wp-json\/wp\/v2\/product_cat?post=3274"},{"taxonomy":"product_tag","embeddable":true,"href":"https:\/\/www.monpilatesauquotidien.com\/index.php\/wp-json\/wp\/v2\/product_tag?post=3274"}],"curies":[{"name":"wp","href":"https:\/\/api.w.org\/{rel}","templated":true}]}}