{"id":1681,"date":"2020-04-19T17:28:08","date_gmt":"2020-04-19T15:28:08","guid":{"rendered":"https:\/\/www.monpilatesauquotidien.com\/?post_type=product&#038;p=1681"},"modified":"2020-09-30T14:13:14","modified_gmt":"2020-09-30T12:13:14","slug":"set-de-cartes-mon-pilates-au-quotidien-pochette","status":"publish","type":"product","link":"https:\/\/www.monpilatesauquotidien.com\/index.php\/produit\/set-de-cartes-mon-pilates-au-quotidien-pochette\/","title":{"rendered":"Set de Cartes \u2018Mon Pilates Au Quotidien\u2019 (Enveloppe)"},"content":{"rendered":"<p><em><strong>Un Set de 14 illustrations (Nade_Illustrations) repr\u00e9sentant nos gestes du quotidien + 2 cartes Pr\u00e9sentation\/Astuces.\u00a0<\/strong><\/em><\/p>\n<p><em><strong>100% Local \/ 100% Tourangeau\u00a0<\/strong><\/em><\/p>\n<p><em><strong>1 enveloppe (couleur de votre choix) + 16 cartes<\/strong><\/em><\/p>\n<p>Les enveloppes ont \u00e9t\u00e9 con\u00e7ues et r\u00e9alis\u00e9es par <em><strong>Active Cr\u00e9ations<\/strong><\/em>\u00a0de l&rsquo;association <em><strong>Active<\/strong><\/em> (association sans but lucratif ayant pour objet de favoriser l&rsquo;insertion par l&rsquo;activit\u00e9 \u00e9conomique de personnes \u00e9loign\u00e9es de l&#8217;emploi), les tissus ont \u00e9t\u00e9 fournis par la m\u00eame association situ\u00e9e \u00e0 La Riche (37520)<\/p>\n<p>&nbsp;<\/p>\n<p>&nbsp;<\/p>\n","protected":false},"excerpt":{"rendered":"<p>Un Set de 14 illustrations (Nade_Illustrations) repr\u00e9sentant nos gestes du quotidien + 2 cartes Pr\u00e9sentation\/Astuces.\u00a0 100% Local \/ 100% Tourangeau\u00a0 1 enveloppe (couleur de votre choix) + 16 cartes Les enveloppes ont \u00e9t\u00e9 con\u00e7ues et r\u00e9alis\u00e9es par Active Cr\u00e9ations\u00a0de l&rsquo;association Active (association sans but lucratif ayant pour objet de favoriser l&rsquo;insertion par l&rsquo;activit\u00e9 \u00e9conomique de [&hellip;]<\/p>\n","protected":false},"featured_media":1684,"template":"","meta":[],"product_cat":[29],"product_tag":[],"class_list":{"0":"post-1681","1":"product","2":"type-product","3":"status-publish","4":"has-post-thumbnail","6":"product_cat-set-de-cartes","8":"first","9":"instock","10":"purchasable","11":"product-type-simple"},"yoast_head":"<!-- This site is optimized with the Yoast SEO plugin v24.1 - https:\/\/yoast.com\/wordpress\/plugins\/seo\/ -->\n<title>Set de Cartes \u2018Mon Pilates Au Quotidien\u2019 (Enveloppe) - Mon Pilates Au Quotidien<\/title>\n<meta name=\"robots\" content=\"index, follow, max-snippet:-1, max-image-preview:large, max-video-preview:-1\" \/>\n<link rel=\"canonical\" href=\"https:\/\/www.monpilatesauquotidien.com\/index.php\/produit\/set-de-cartes-mon-pilates-au-quotidien-pochette\/\" \/>\n<meta property=\"og:locale\" content=\"fr_FR\" \/>\n<meta property=\"og:type\" content=\"article\" \/>\n<meta property=\"og:title\" content=\"Set de Cartes \u2018Mon Pilates Au Quotidien\u2019 (Enveloppe) - Mon Pilates Au Quotidien\" \/>\n<meta property=\"og:description\" content=\"Un Set de 14 illustrations (Nade_Illustrations) repr\u00e9sentant nos gestes du quotidien + 2 cartes Pr\u00e9sentation\/Astuces.\u00a0 100% Local \/ 100% Tourangeau\u00a0 1 enveloppe (couleur de votre choix) + 16 cartes Les enveloppes ont \u00e9t\u00e9 con\u00e7ues et r\u00e9alis\u00e9es par Active Cr\u00e9ations\u00a0de l&rsquo;association Active (association sans but lucratif ayant pour objet de favoriser l&rsquo;insertion par l&rsquo;activit\u00e9 \u00e9conomique de [&hellip;]\" \/>\n<meta property=\"og:url\" content=\"https:\/\/www.monpilatesauquotidien.com\/index.php\/produit\/set-de-cartes-mon-pilates-au-quotidien-pochette\/\" \/>\n<meta property=\"og:site_name\" content=\"Mon Pilates Au Quotidien\" \/>\n<meta property=\"article:publisher\" content=\"https:\/\/www.facebook.com\/pages\/category\/Health-Beauty\/Mon-Pilates-Au-Quotidien-108146187344815\/\" \/>\n<meta property=\"article:modified_time\" content=\"2020-09-30T12:13:14+00:00\" \/>\n<meta property=\"og:image\" content=\"https:\/\/www.monpilatesauquotidien.com\/wp-content\/uploads\/2020\/04\/IMG_20200419_165736_1-scaled.jpg\" \/>\n\t<meta property=\"og:image:width\" content=\"1920\" \/>\n\t<meta property=\"og:image:height\" content=\"2560\" \/>\n\t<meta property=\"og:image:type\" content=\"image\/jpeg\" \/>\n<meta name=\"twitter:card\" content=\"summary_large_image\" \/>\n<script type=\"application\/ld+json\" class=\"yoast-schema-graph\">{\"@context\":\"https:\/\/schema.org\",\"@graph\":[{\"@type\":\"WebPage\",\"@id\":\"https:\/\/www.monpilatesauquotidien.com\/index.php\/produit\/set-de-cartes-mon-pilates-au-quotidien-pochette\/\",\"url\":\"https:\/\/www.monpilatesauquotidien.com\/index.php\/produit\/set-de-cartes-mon-pilates-au-quotidien-pochette\/\",\"name\":\"Set de Cartes \u2018Mon Pilates Au Quotidien\u2019 (Enveloppe) - Mon Pilates Au Quotidien\",\"isPartOf\":{\"@id\":\"https:\/\/www.monpilatesauquotidien.com\/#website\"},\"primaryImageOfPage\":{\"@id\":\"https:\/\/www.monpilatesauquotidien.com\/index.php\/produit\/set-de-cartes-mon-pilates-au-quotidien-pochette\/#primaryimage\"},\"image\":{\"@id\":\"https:\/\/www.monpilatesauquotidien.com\/index.php\/produit\/set-de-cartes-mon-pilates-au-quotidien-pochette\/#primaryimage\"},\"thumbnailUrl\":\"https:\/\/www.monpilatesauquotidien.com\/wp-content\/uploads\/2020\/04\/IMG_20200419_165736_1-scaled.jpg\",\"datePublished\":\"2020-04-19T15:28:08+00:00\",\"dateModified\":\"2020-09-30T12:13:14+00:00\",\"breadcrumb\":{\"@id\":\"https:\/\/www.monpilatesauquotidien.com\/index.php\/produit\/set-de-cartes-mon-pilates-au-quotidien-pochette\/#breadcrumb\"},\"inLanguage\":\"fr-FR\",\"potentialAction\":[{\"@type\":\"ReadAction\",\"target\":[\"https:\/\/www.monpilatesauquotidien.com\/index.php\/produit\/set-de-cartes-mon-pilates-au-quotidien-pochette\/\"]}]},{\"@type\":\"ImageObject\",\"inLanguage\":\"fr-FR\",\"@id\":\"https:\/\/www.monpilatesauquotidien.com\/index.php\/produit\/set-de-cartes-mon-pilates-au-quotidien-pochette\/#primaryimage\",\"url\":\"https:\/\/www.monpilatesauquotidien.com\/wp-content\/uploads\/2020\/04\/IMG_20200419_165736_1-scaled.jpg\",\"contentUrl\":\"https:\/\/www.monpilatesauquotidien.com\/wp-content\/uploads\/2020\/04\/IMG_20200419_165736_1-scaled.jpg\",\"width\":1920,\"height\":2560},{\"@type\":\"BreadcrumbList\",\"@id\":\"https:\/\/www.monpilatesauquotidien.com\/index.php\/produit\/set-de-cartes-mon-pilates-au-quotidien-pochette\/#breadcrumb\",\"itemListElement\":[{\"@type\":\"ListItem\",\"position\":1,\"name\":\"Accueil\",\"item\":\"https:\/\/www.monpilatesauquotidien.com\/\"},{\"@type\":\"ListItem\",\"position\":2,\"name\":\"Boutique\",\"item\":\"https:\/\/www.monpilatesauquotidien.com\/index.php\/boutique\/\"},{\"@type\":\"ListItem\",\"position\":3,\"name\":\"Set de Cartes \u2018Mon Pilates Au Quotidien\u2019 (Enveloppe)\"}]},{\"@type\":\"WebSite\",\"@id\":\"https:\/\/www.monpilatesauquotidien.com\/#website\",\"url\":\"https:\/\/www.monpilatesauquotidien.com\/\",\"name\":\"Mon Pilates Au Quotidien\",\"description\":\"\",\"publisher\":{\"@id\":\"https:\/\/www.monpilatesauquotidien.com\/#organization\"},\"potentialAction\":[{\"@type\":\"SearchAction\",\"target\":{\"@type\":\"EntryPoint\",\"urlTemplate\":\"https:\/\/www.monpilatesauquotidien.com\/?s={search_term_string}\"},\"query-input\":{\"@type\":\"PropertyValueSpecification\",\"valueRequired\":true,\"valueName\":\"search_term_string\"}}],\"inLanguage\":\"fr-FR\"},{\"@type\":\"Organization\",\"@id\":\"https:\/\/www.monpilatesauquotidien.com\/#organization\",\"name\":\"Mon Pilates Au Quotidien\",\"url\":\"https:\/\/www.monpilatesauquotidien.com\/\",\"logo\":{\"@type\":\"ImageObject\",\"inLanguage\":\"fr-FR\",\"@id\":\"https:\/\/www.monpilatesauquotidien.com\/#\/schema\/logo\/image\/\",\"url\":\"https:\/\/www.monpilatesauquotidien.com\/wp-content\/uploads\/2020\/01\/1jojVVCOMkX9Wyrexe4hGfU0aibzE4TyVqYlCUaLysosFAoyXR006x9qf82PEFZtVwNhBcGcMI0jiFtFN5MzV8w8j6IPoNDXXt3yC8SBrdYRTl0LFGUFP8.png\",\"contentUrl\":\"https:\/\/www.monpilatesauquotidien.com\/wp-content\/uploads\/2020\/01\/1jojVVCOMkX9Wyrexe4hGfU0aibzE4TyVqYlCUaLysosFAoyXR006x9qf82PEFZtVwNhBcGcMI0jiFtFN5MzV8w8j6IPoNDXXt3yC8SBrdYRTl0LFGUFP8.png\",\"width\":190,\"height\":114,\"caption\":\"Mon Pilates Au Quotidien\"},\"image\":{\"@id\":\"https:\/\/www.monpilatesauquotidien.com\/#\/schema\/logo\/image\/\"},\"sameAs\":[\"https:\/\/www.facebook.com\/pages\/category\/Health-Beauty\/Mon-Pilates-Au-Quotidien-108146187344815\/\",\"https:\/\/www.instagram.com\/monpilatesauquotidien\/\"]}]}<\/script>\n<!-- \/ Yoast SEO plugin. -->","yoast_head_json":{"title":"Set de Cartes \u2018Mon Pilates Au Quotidien\u2019 (Enveloppe) - Mon Pilates Au Quotidien","robots":{"index":"index","follow":"follow","max-snippet":"max-snippet:-1","max-image-preview":"max-image-preview:large","max-video-preview":"max-video-preview:-1"},"canonical":"https:\/\/www.monpilatesauquotidien.com\/index.php\/produit\/set-de-cartes-mon-pilates-au-quotidien-pochette\/","og_locale":"fr_FR","og_type":"article","og_title":"Set de Cartes \u2018Mon Pilates Au Quotidien\u2019 (Enveloppe) - Mon Pilates Au Quotidien","og_description":"Un Set de 14 illustrations (Nade_Illustrations) repr\u00e9sentant nos gestes du quotidien + 2 cartes Pr\u00e9sentation\/Astuces.\u00a0 100% Local \/ 100% Tourangeau\u00a0 1 enveloppe (couleur de votre choix) + 16 cartes Les enveloppes ont \u00e9t\u00e9 con\u00e7ues et r\u00e9alis\u00e9es par Active Cr\u00e9ations\u00a0de l&rsquo;association Active (association sans but lucratif ayant pour objet de favoriser l&rsquo;insertion par l&rsquo;activit\u00e9 \u00e9conomique de [&hellip;]","og_url":"https:\/\/www.monpilatesauquotidien.com\/index.php\/produit\/set-de-cartes-mon-pilates-au-quotidien-pochette\/","og_site_name":"Mon Pilates Au Quotidien","article_publisher":"https:\/\/www.facebook.com\/pages\/category\/Health-Beauty\/Mon-Pilates-Au-Quotidien-108146187344815\/","article_modified_time":"2020-09-30T12:13:14+00:00","og_image":[{"width":1920,"height":2560,"url":"https:\/\/www.monpilatesauquotidien.com\/wp-content\/uploads\/2020\/04\/IMG_20200419_165736_1-scaled.jpg","type":"image\/jpeg"}],"twitter_card":"summary_large_image","schema":{"@context":"https:\/\/schema.org","@graph":[{"@type":"WebPage","@id":"https:\/\/www.monpilatesauquotidien.com\/index.php\/produit\/set-de-cartes-mon-pilates-au-quotidien-pochette\/","url":"https:\/\/www.monpilatesauquotidien.com\/index.php\/produit\/set-de-cartes-mon-pilates-au-quotidien-pochette\/","name":"Set de Cartes \u2018Mon Pilates Au Quotidien\u2019 (Enveloppe) - Mon Pilates Au Quotidien","isPartOf":{"@id":"https:\/\/www.monpilatesauquotidien.com\/#website"},"primaryImageOfPage":{"@id":"https:\/\/www.monpilatesauquotidien.com\/index.php\/produit\/set-de-cartes-mon-pilates-au-quotidien-pochette\/#primaryimage"},"image":{"@id":"https:\/\/www.monpilatesauquotidien.com\/index.php\/produit\/set-de-cartes-mon-pilates-au-quotidien-pochette\/#primaryimage"},"thumbnailUrl":"https:\/\/www.monpilatesauquotidien.com\/wp-content\/uploads\/2020\/04\/IMG_20200419_165736_1-scaled.jpg","datePublished":"2020-04-19T15:28:08+00:00","dateModified":"2020-09-30T12:13:14+00:00","breadcrumb":{"@id":"https:\/\/www.monpilatesauquotidien.com\/index.php\/produit\/set-de-cartes-mon-pilates-au-quotidien-pochette\/#breadcrumb"},"inLanguage":"fr-FR","potentialAction":[{"@type":"ReadAction","target":["https:\/\/www.monpilatesauquotidien.com\/index.php\/produit\/set-de-cartes-mon-pilates-au-quotidien-pochette\/"]}]},{"@type":"ImageObject","inLanguage":"fr-FR","@id":"https:\/\/www.monpilatesauquotidien.com\/index.php\/produit\/set-de-cartes-mon-pilates-au-quotidien-pochette\/#primaryimage","url":"https:\/\/www.monpilatesauquotidien.com\/wp-content\/uploads\/2020\/04\/IMG_20200419_165736_1-scaled.jpg","contentUrl":"https:\/\/www.monpilatesauquotidien.com\/wp-content\/uploads\/2020\/04\/IMG_20200419_165736_1-scaled.jpg","width":1920,"height":2560},{"@type":"BreadcrumbList","@id":"https:\/\/www.monpilatesauquotidien.com\/index.php\/produit\/set-de-cartes-mon-pilates-au-quotidien-pochette\/#breadcrumb","itemListElement":[{"@type":"ListItem","position":1,"name":"Accueil","item":"https:\/\/www.monpilatesauquotidien.com\/"},{"@type":"ListItem","position":2,"name":"Boutique","item":"https:\/\/www.monpilatesauquotidien.com\/index.php\/boutique\/"},{"@type":"ListItem","position":3,"name":"Set de Cartes \u2018Mon Pilates Au Quotidien\u2019 (Enveloppe)"}]},{"@type":"WebSite","@id":"https:\/\/www.monpilatesauquotidien.com\/#website","url":"https:\/\/www.monpilatesauquotidien.com\/","name":"Mon Pilates Au Quotidien","description":"","publisher":{"@id":"https:\/\/www.monpilatesauquotidien.com\/#organization"},"potentialAction":[{"@type":"SearchAction","target":{"@type":"EntryPoint","urlTemplate":"https:\/\/www.monpilatesauquotidien.com\/?s={search_term_string}"},"query-input":{"@type":"PropertyValueSpecification","valueRequired":true,"valueName":"search_term_string"}}],"inLanguage":"fr-FR"},{"@type":"Organization","@id":"https:\/\/www.monpilatesauquotidien.com\/#organization","name":"Mon Pilates Au Quotidien","url":"https:\/\/www.monpilatesauquotidien.com\/","logo":{"@type":"ImageObject","inLanguage":"fr-FR","@id":"https:\/\/www.monpilatesauquotidien.com\/#\/schema\/logo\/image\/","url":"https:\/\/www.monpilatesauquotidien.com\/wp-content\/uploads\/2020\/01\/1jojVVCOMkX9Wyrexe4hGfU0aibzE4TyVqYlCUaLysosFAoyXR006x9qf82PEFZtVwNhBcGcMI0jiFtFN5MzV8w8j6IPoNDXXt3yC8SBrdYRTl0LFGUFP8.png","contentUrl":"https:\/\/www.monpilatesauquotidien.com\/wp-content\/uploads\/2020\/01\/1jojVVCOMkX9Wyrexe4hGfU0aibzE4TyVqYlCUaLysosFAoyXR006x9qf82PEFZtVwNhBcGcMI0jiFtFN5MzV8w8j6IPoNDXXt3yC8SBrdYRTl0LFGUFP8.png","width":190,"height":114,"caption":"Mon Pilates Au Quotidien"},"image":{"@id":"https:\/\/www.monpilatesauquotidien.com\/#\/schema\/logo\/image\/"},"sameAs":["https:\/\/www.facebook.com\/pages\/category\/Health-Beauty\/Mon-Pilates-Au-Quotidien-108146187344815\/","https:\/\/www.instagram.com\/monpilatesauquotidien\/"]}]}},"jetpack_sharing_enabled":true,"_links":{"self":[{"href":"https:\/\/www.monpilatesauquotidien.com\/index.php\/wp-json\/wp\/v2\/product\/1681","targetHints":{"allow":["GET"]}}],"collection":[{"href":"https:\/\/www.monpilatesauquotidien.com\/index.php\/wp-json\/wp\/v2\/product"}],"about":[{"href":"https:\/\/www.monpilatesauquotidien.com\/index.php\/wp-json\/wp\/v2\/types\/product"}],"wp:featuredmedia":[{"embeddable":true,"href":"https:\/\/www.monpilatesauquotidien.com\/index.php\/wp-json\/wp\/v2\/media\/1684"}],"wp:attachment":[{"href":"https:\/\/www.monpilatesauquotidien.com\/index.php\/wp-json\/wp\/v2\/media?parent=1681"}],"wp:term":[{"taxonomy":"product_cat","embeddable":true,"href":"https:\/\/www.monpilatesauquotidien.com\/index.php\/wp-json\/wp\/v2\/product_cat?post=1681"},{"taxonomy":"product_tag","embeddable":true,"href":"https:\/\/www.monpilatesauquotidien.com\/index.php\/wp-json\/wp\/v2\/product_tag?post=1681"}],"curies":[{"name":"wp","href":"https:\/\/api.w.org\/{rel}","templated":true}]}}